{"id":4554,"date":"2023-03-22T10:41:32","date_gmt":"2023-03-22T09:41:32","guid":{"rendered":"https:\/\/solroof2.yoho.pl\/strona-glowna\/"},"modified":"2023-07-20T11:10:44","modified_gmt":"2023-07-20T09:10:44","slug":"strona-glowna","status":"publish","type":"page","link":"https:\/\/solroof2.yoho.pl\/lt\/","title":{"rendered":"Strona g\u0142\u00f3wna"},"content":{"rendered":"\n<div class=\"wp-block-group is-style-narrow-group has-yellow-background-color has-background\"><div class=\"wp-block-group__inner-container is-layout-constrained wp-block-group-is-layout-constrained\">\n<div class=\"wp-block-group is-style-with-b2-background has-yellow-background-color has-background\"><div class=\"wp-block-group__inner-container is-layout-constrained wp-block-group-is-layout-constrained\">\n<h1 class=\"wp-block-heading has-text-align-center is-style-h1 noMarginTop noMarginBottom\">KOMPLEKSIN\u0116 SAUL\u0116S MODULI\u0172 SISTEMA<\/h1>\n\n\n\n<p class=\"has-text-align-center\">SOLROOF \u2013 naujovi\u0161ka sistema, sukurta siekiant tenkinti stipr\u0117jant\u012f \u0161variosios energijos poreik\u012f. Tai kompleksin\u0117 saul\u0117s moduli\u0173 sistema, visi\u0161kai integruota su plienine stogo danga<\/p>\n\n\n\n<div style=\"height:100px\" aria-hidden=\"true\" class=\"wp-block-spacer is-style-smaller-spacer\"><\/div>\n\n\n\n<div class=\"wp-block-buttons is-content-justification-center is-layout-flex wp-container-core-buttons-is-layout-16018d1d wp-block-buttons-is-layout-flex\">\n<div class=\"wp-block-button has-custom-font-size aligncenter is-style-fill\" style=\"font-size:18px\"><a class=\"wp-block-button__link has-white-color has-black-background-color has-text-color has-background wp-element-button\" href=\"https:\/\/solroof2.yoho.pl\/lt\/solroof-premjera\/\" style=\"border-radius:0px\" target=\"_blank\" rel=\"noreferrer noopener\"><strong><strong><strong>SOLROOF PREMJERA<\/strong><\/strong><\/strong><\/a><\/div>\n<\/div>\n<\/div><\/div>\n<\/div><\/div>\n\n\n<section class=\"data-section\">\n    <div class=\"compare-slider\" id=\"compare-slider\">  \n        <div id=\"before-after-slider\">\n            <div id=\"before-image\">\n                <img decoding=\"async\" src=\"https:\/\/solroof2.yoho.pl\/wp-content\/uploads\/2023\/03\/solroof_porownanie_0001_solroof-02.jpg\" alt=\"\">\n                <div class=\"compare-slider__text-1 h3\">SOLROOF<\/div>\n            <\/div>\n            <div id=\"after-image\">\n                <img decoding=\"async\" src=\"https:\/\/solroof2.yoho.pl\/wp-content\/uploads\/2023\/03\/solroof_porownanie_0000_tradycyjna_fotowoltaika-02.jpg\" alt=\"\">\n                <div class=\"compare-slider__text-2 h3\">TRADICIN\u0116<br>FOTOVOLTAIKA<\/div>\n            <\/div>\n            <div id=\"resizer\"><\/div>\n        <\/div>\n    <\/div>\n<\/section>\n\n\n\n<div id=\"zalety\" class=\"wp-block-group data-section is-style-default has-gray-background-color has-background\"><div class=\"wp-block-group__inner-container is-layout-flow wp-block-group-is-layout-flow\">\n<div style=\"height:100px\" aria-hidden=\"true\" class=\"wp-block-spacer is-style-medium-spacer\"><\/div>\n\n\n\n<figure class=\"wp-block-embed is-type-video is-provider-youtube wp-block-embed-youtube wp-embed-aspect-16-9 wp-has-aspect-ratio\"><div class=\"wp-block-embed__wrapper\">\n<iframe loading=\"lazy\" title=\"FIT VOLT - Zintegrowany dach fotowoltaiczny SOLROOF\" width=\"640\" height=\"360\" src=\"https:\/\/www.youtube.com\/embed\/iarVO5m-kM8?feature=oembed\" frameborder=\"0\" allow=\"accelerometer; autoplay; clipboard-write; encrypted-media; gyroscope; picture-in-picture; web-share\" referrerpolicy=\"strict-origin-when-cross-origin\" allowfullscreen><\/iframe>\n<\/div><\/figure>\n\n\n\n<div style=\"height:100px\" aria-hidden=\"true\" class=\"wp-block-spacer is-style-medium-spacer\"><\/div>\n<\/div><\/div>\n\n\n\n<div class=\"wp-block-group alignCenter has-black-color has-yellow-background-color has-text-color has-background\"><div class=\"wp-block-group__inner-container is-layout-constrained wp-block-group-is-layout-constrained\">\n<div style=\"height:100px\" aria-hidden=\"true\" class=\"wp-block-spacer is-style-small-spacer\"><\/div>\n\n\n\n<h2 class=\"wp-block-heading is-style-h3 noMarginTop\">AR JUS DOMINA NEMOKAMAS SOLROOF SISTEMOS PASI\u016aLYMAS?<\/h2>\n\n\n\n<a href=\"\/lt\/susisiekite-su\"  class=\"button button--black \">Pra\u0161yti pasi\u016blymo<\/a>\n\n\n<div style=\"height:100px\" aria-hidden=\"true\" class=\"wp-block-spacer is-style-small-spacer\"><\/div>\n<\/div><\/div>\n","protected":false},"excerpt":{"rendered":"<p>KOMPLEKSIN\u0116 SAUL\u0116S MODULI\u0172 SISTEMA SOLROOF \u2013 naujovi\u0161ka sistema, sukurta siekiant tenkinti stipr\u0117jant\u012f \u0161variosios energijos poreik\u012f. Tai kompleksin\u0117 saul\u0117s moduli\u0173 sistema, visi\u0161kai integruota su plienine stogo danga AR JUS DOMINA NEMOKAMAS SOLROOF SISTEMOS PASI\u016aLYMAS?<\/p>\n","protected":false},"author":1,"featured_media":0,"parent":0,"menu_order":11,"comment_status":"closed","ping_status":"open","template":"templates\/home.php","meta":{"_acf_changed":false,"inline_featured_image":false,"footnotes":""},"class_list":["post-4554","page","type-page","status-publish","hentry"],"acf":[],"yoast_head":"<!-- This site is optimized with the Yoast SEO plugin v25.2 - https:\/\/yoast.com\/wordpress\/plugins\/seo\/ -->\n<title>Strona g\u0142\u00f3wna - SOLROOF<\/title>\n<meta name=\"robots\" content=\"noindex, follow, max-snippet:-1, max-image-preview:large, max-video-preview:-1\" \/>\n<meta property=\"og:locale\" content=\"lt_LT\" \/>\n<meta property=\"og:type\" content=\"article\" \/>\n<meta property=\"og:title\" content=\"Strona g\u0142\u00f3wna - SOLROOF\" \/>\n<meta property=\"og:description\" content=\"KOMPLEKSIN\u0116 SAUL\u0116S MODULI\u0172 SISTEMA SOLROOF \u2013 naujovi\u0161ka sistema, sukurta siekiant tenkinti stipr\u0117jant\u012f \u0161variosios energijos poreik\u012f. Tai kompleksin\u0117 saul\u0117s moduli\u0173 sistema, visi\u0161kai integruota su plienine stogo danga AR JUS DOMINA NEMOKAMAS SOLROOF SISTEMOS PASI\u016aLYMAS?\" \/>\n<meta property=\"og:url\" content=\"https:\/\/solroof2.yoho.pl\/\" \/>\n<meta property=\"og:site_name\" content=\"SOLROOF\" \/>\n<meta property=\"article:modified_time\" content=\"2023-07-20T09:10:44+00:00\" \/>\n<meta name=\"twitter:card\" content=\"summary_large_image\" \/>\n<script type=\"application\/ld+json\" class=\"yoast-schema-graph\">{\"@context\":\"https:\/\/schema.org\",\"@graph\":[{\"@type\":\"WebPage\",\"@id\":\"https:\/\/solroof2.yoho.pl\/\",\"url\":\"https:\/\/solroof2.yoho.pl\/\",\"name\":\"Strona g\u0142\u00f3wna - SOLROOF\",\"isPartOf\":{\"@id\":\"https:\/\/solroof2.yoho.pl\/#website\"},\"datePublished\":\"2023-03-22T09:41:32+00:00\",\"dateModified\":\"2023-07-20T09:10:44+00:00\",\"breadcrumb\":{\"@id\":\"https:\/\/solroof2.yoho.pl\/#breadcrumb\"},\"inLanguage\":\"lt-LT\",\"potentialAction\":[{\"@type\":\"ReadAction\",\"target\":[\"https:\/\/solroof2.yoho.pl\/\"]}]},{\"@type\":\"BreadcrumbList\",\"@id\":\"https:\/\/solroof2.yoho.pl\/#breadcrumb\",\"itemListElement\":[{\"@type\":\"ListItem\",\"position\":1,\"name\":\"Home\",\"item\":\"https:\/\/solroof2.yoho.pl\/\"},{\"@type\":\"ListItem\",\"position\":2,\"name\":\"Strona g\u0142\u00f3wna\"}]},{\"@type\":\"WebSite\",\"@id\":\"https:\/\/solroof2.yoho.pl\/#website\",\"url\":\"https:\/\/solroof2.yoho.pl\/\",\"name\":\"SOLROOF\",\"description\":\"Zintegrowany dach fotowoltaiczny\",\"potentialAction\":[{\"@type\":\"SearchAction\",\"target\":{\"@type\":\"EntryPoint\",\"urlTemplate\":\"https:\/\/solroof2.yoho.pl\/?s={search_term_string}\"},\"query-input\":{\"@type\":\"PropertyValueSpecification\",\"valueRequired\":true,\"valueName\":\"search_term_string\"}}],\"inLanguage\":\"lt-LT\"}]}<\/script>\n<!-- \/ Yoast SEO plugin. -->","yoast_head_json":{"title":"Strona g\u0142\u00f3wna - SOLROOF","robots":{"index":"noindex","follow":"follow","max-snippet":"max-snippet:-1","max-image-preview":"max-image-preview:large","max-video-preview":"max-video-preview:-1"},"og_locale":"lt_LT","og_type":"article","og_title":"Strona g\u0142\u00f3wna - SOLROOF","og_description":"KOMPLEKSIN\u0116 SAUL\u0116S MODULI\u0172 SISTEMA SOLROOF \u2013 naujovi\u0161ka sistema, sukurta siekiant tenkinti stipr\u0117jant\u012f \u0161variosios energijos poreik\u012f. Tai kompleksin\u0117 saul\u0117s moduli\u0173 sistema, visi\u0161kai integruota su plienine stogo danga AR JUS DOMINA NEMOKAMAS SOLROOF SISTEMOS PASI\u016aLYMAS?","og_url":"https:\/\/solroof2.yoho.pl\/","og_site_name":"SOLROOF","article_modified_time":"2023-07-20T09:10:44+00:00","twitter_card":"summary_large_image","schema":{"@context":"https:\/\/schema.org","@graph":[{"@type":"WebPage","@id":"https:\/\/solroof2.yoho.pl\/","url":"https:\/\/solroof2.yoho.pl\/","name":"Strona g\u0142\u00f3wna - SOLROOF","isPartOf":{"@id":"https:\/\/solroof2.yoho.pl\/#website"},"datePublished":"2023-03-22T09:41:32+00:00","dateModified":"2023-07-20T09:10:44+00:00","breadcrumb":{"@id":"https:\/\/solroof2.yoho.pl\/#breadcrumb"},"inLanguage":"lt-LT","potentialAction":[{"@type":"ReadAction","target":["https:\/\/solroof2.yoho.pl\/"]}]},{"@type":"BreadcrumbList","@id":"https:\/\/solroof2.yoho.pl\/#breadcrumb","itemListElement":[{"@type":"ListItem","position":1,"name":"Home","item":"https:\/\/solroof2.yoho.pl\/"},{"@type":"ListItem","position":2,"name":"Strona g\u0142\u00f3wna"}]},{"@type":"WebSite","@id":"https:\/\/solroof2.yoho.pl\/#website","url":"https:\/\/solroof2.yoho.pl\/","name":"SOLROOF","description":"Zintegrowany dach fotowoltaiczny","potentialAction":[{"@type":"SearchAction","target":{"@type":"EntryPoint","urlTemplate":"https:\/\/solroof2.yoho.pl\/?s={search_term_string}"},"query-input":{"@type":"PropertyValueSpecification","valueRequired":true,"valueName":"search_term_string"}}],"inLanguage":"lt-LT"}]}},"_links":{"self":[{"href":"https:\/\/solroof2.yoho.pl\/lt\/wp-json\/wp\/v2\/pages\/4554","targetHints":{"allow":["GET"]}}],"collection":[{"href":"https:\/\/solroof2.yoho.pl\/lt\/wp-json\/wp\/v2\/pages"}],"about":[{"href":"https:\/\/solroof2.yoho.pl\/lt\/wp-json\/wp\/v2\/types\/page"}],"author":[{"embeddable":true,"href":"https:\/\/solroof2.yoho.pl\/lt\/wp-json\/wp\/v2\/users\/1"}],"replies":[{"embeddable":true,"href":"https:\/\/solroof2.yoho.pl\/lt\/wp-json\/wp\/v2\/comments?post=4554"}],"version-history":[{"count":4,"href":"https:\/\/solroof2.yoho.pl\/lt\/wp-json\/wp\/v2\/pages\/4554\/revisions"}],"predecessor-version":[{"id":4568,"href":"https:\/\/solroof2.yoho.pl\/lt\/wp-json\/wp\/v2\/pages\/4554\/revisions\/4568"}],"wp:attachment":[{"href":"https:\/\/solroof2.yoho.pl\/lt\/wp-json\/wp\/v2\/media?parent=4554"}],"curies":[{"name":"wp","href":"https:\/\/api.w.org\/{rel}","templated":true}]}}