{"id":4509,"date":"2023-03-22T10:41:32","date_gmt":"2023-03-22T09:41:32","guid":{"rendered":"https:\/\/solroof2.yoho.pl\/?page_id=4509"},"modified":"2023-07-20T08:51:08","modified_gmt":"2023-07-20T06:51:08","slug":"strona-glowna","status":"publish","type":"page","link":"https:\/\/solroof2.yoho.pl\/sk\/","title":{"rendered":"Strona g\u0142\u00f3wna"},"content":{"rendered":"\n<div class=\"wp-block-group is-style-narrow-group has-yellow-background-color has-background\"><div class=\"wp-block-group__inner-container is-layout-constrained wp-block-group-is-layout-constrained\">\n<div class=\"wp-block-group is-style-with-b2-background has-yellow-background-color has-background\"><div class=\"wp-block-group__inner-container is-layout-constrained wp-block-group-is-layout-constrained\">\n<h1 class=\"wp-block-heading has-text-align-center is-style-h1 noMarginTop noMarginBottom\">SOLROOF <strong>ZINTEGROWANY<\/strong> <strong>DACH FOTOWOLTAICZNY<\/strong><\/h1>\n\n\n\n<p class=\"has-text-align-center\">Innowacyjny system, kt\u00f3ry powsta\u0142 w odpowiedzi na rosn\u0105ce zapotrzebowanie na czyst\u0105 energi\u0119. To kompletny system fotowoltaiczny w pe\u0142ni zintegrowany z blaszanym pokryciem dachowym.<\/p>\n\n\n\n<div style=\"height:100px\" aria-hidden=\"true\" class=\"wp-block-spacer is-style-smaller-spacer\"><\/div>\n\n\n\n<div class=\"wp-block-buttons is-content-justification-center is-layout-flex wp-container-core-buttons-is-layout-16018d1d wp-block-buttons-is-layout-flex\">\n<div class=\"wp-block-button has-custom-font-size aligncenter is-style-fill\" style=\"font-size:18px\"><a class=\"wp-block-button__link has-white-color has-black-background-color has-text-color has-background wp-element-button\" href=\"\/premiera-solroof\/\" style=\"border-radius:0px\" target=\"_blank\" rel=\"noreferrer noopener\"><strong>PREMIERA SOLROOF<\/strong><\/a><\/div>\n<\/div>\n<\/div><\/div>\n<\/div><\/div>\n\n\n<section class=\"data-section\">\n    <div class=\"compare-slider\" id=\"compare-slider\">  \n        <div id=\"before-after-slider\">\n            <div id=\"before-image\">\n                <img decoding=\"async\" src=\"https:\/\/solroof2.yoho.pl\/wp-content\/uploads\/2023\/03\/solroof_porownanie_0001_solroof-02.jpg\" alt=\"\">\n                <div class=\"compare-slider__text-1 h3\">SOLROOF<\/div>\n            <\/div>\n            <div id=\"after-image\">\n                <img decoding=\"async\" src=\"https:\/\/solroof2.yoho.pl\/wp-content\/uploads\/2023\/03\/solroof_porownanie_0000_tradycyjna_fotowoltaika-02.jpg\" alt=\"\">\n                <div class=\"compare-slider__text-2 h3\">TRADYCYJNA<br>FOTOWOLTAIKA<\/div>\n            <\/div>\n            <div id=\"resizer\"><\/div>\n        <\/div>\n    <\/div>\n<\/section>\n\n\n\n<div id=\"zalety\" class=\"wp-block-group data-section is-style-default has-gray-background-color has-background\"><div class=\"wp-block-group__inner-container is-layout-flow wp-block-group-is-layout-flow\">\n<div style=\"height:100px\" aria-hidden=\"true\" class=\"wp-block-spacer is-style-medium-spacer\"><\/div>\n\n\n\n<figure class=\"wp-block-embed is-type-video is-provider-youtube wp-block-embed-youtube wp-embed-aspect-16-9 wp-has-aspect-ratio\"><div class=\"wp-block-embed__wrapper\">\n<iframe loading=\"lazy\" title=\"FIT VOLT - Zintegrowany dach fotowoltaiczny SOLROOF\" width=\"640\" height=\"360\" src=\"https:\/\/www.youtube.com\/embed\/iarVO5m-kM8?feature=oembed\" frameborder=\"0\" allow=\"accelerometer; autoplay; clipboard-write; encrypted-media; gyroscope; picture-in-picture; web-share\" referrerpolicy=\"strict-origin-when-cross-origin\" allowfullscreen><\/iframe>\n<\/div><\/figure>\n\n\n\n<div style=\"height:100px\" aria-hidden=\"true\" class=\"wp-block-spacer is-style-medium-spacer\"><\/div>\n<\/div><\/div>\n\n\n\n<div class=\"wp-block-group alignCenter has-black-color has-yellow-background-color has-text-color has-background\"><div class=\"wp-block-group__inner-container is-layout-constrained wp-block-group-is-layout-constrained\">\n<div style=\"height:100px\" aria-hidden=\"true\" class=\"wp-block-spacer is-style-small-spacer\"><\/div>\n\n\n\n<h2 class=\"wp-block-heading is-style-h3 noMarginTop\">JESTE\u015a ZAINTERESOWANY\/A BEZP\u0141ATN\u0104 WYCEN\u0104 SYSTEMU SOLROOF?<\/h2>\n\n\n\n<a href=\"\/kalkulator\"  class=\"button button--black \">Zapytaj o ofert\u0119<\/a>\n\n\n<div style=\"height:100px\" aria-hidden=\"true\" class=\"wp-block-spacer is-style-small-spacer\"><\/div>\n<\/div><\/div>\n","protected":false},"excerpt":{"rendered":"<p>SOLROOF ZINTEGROWANY DACH FOTOWOLTAICZNY Innowacyjny system, kt\u00f3ry powsta\u0142 w odpowiedzi na rosn\u0105ce zapotrzebowanie na czyst\u0105 energi\u0119. To kompletny system fotowoltaiczny w pe\u0142ni zintegrowany z blaszanym pokryciem dachowym. JESTE\u015a ZAINTERESOWANY\/A BEZP\u0141ATN\u0104 WYCEN\u0104 SYSTEMU SOLROOF?<\/p>\n","protected":false},"author":2,"featured_media":0,"parent":0,"menu_order":13,"comment_status":"closed","ping_status":"open","template":"templates\/home.php","meta":{"_acf_changed":false,"inline_featured_image":false,"footnotes":""},"class_list":["post-4509","page","type-page","status-publish","hentry"],"acf":[],"yoast_head":"<!-- This site is optimized with the Yoast SEO plugin v25.2 - https:\/\/yoast.com\/wordpress\/plugins\/seo\/ -->\n<title>Strona g\u0142\u00f3wna - SOLROOF<\/title>\n<meta name=\"robots\" content=\"noindex, follow, max-snippet:-1, max-image-preview:large, max-video-preview:-1\" \/>\n<meta property=\"og:locale\" content=\"sk_SK\" \/>\n<meta property=\"og:type\" content=\"article\" \/>\n<meta property=\"og:title\" content=\"Strona g\u0142\u00f3wna - SOLROOF\" \/>\n<meta property=\"og:description\" content=\"SOLROOF ZINTEGROWANY DACH FOTOWOLTAICZNY Innowacyjny system, kt\u00f3ry powsta\u0142 w odpowiedzi na rosn\u0105ce zapotrzebowanie na czyst\u0105 energi\u0119. To kompletny system fotowoltaiczny w pe\u0142ni zintegrowany z blaszanym pokryciem dachowym. JESTE\u015a ZAINTERESOWANY\/A BEZP\u0141ATN\u0104 WYCEN\u0104 SYSTEMU SOLROOF?\" \/>\n<meta property=\"og:url\" content=\"https:\/\/solroof2.yoho.pl\/\" \/>\n<meta property=\"og:site_name\" content=\"SOLROOF\" \/>\n<meta property=\"article:modified_time\" content=\"2023-07-20T06:51:08+00:00\" \/>\n<meta name=\"twitter:card\" content=\"summary_large_image\" \/>\n<script type=\"application\/ld+json\" class=\"yoast-schema-graph\">{\"@context\":\"https:\/\/schema.org\",\"@graph\":[{\"@type\":\"WebPage\",\"@id\":\"https:\/\/solroof2.yoho.pl\/\",\"url\":\"https:\/\/solroof2.yoho.pl\/\",\"name\":\"Strona g\u0142\u00f3wna - SOLROOF\",\"isPartOf\":{\"@id\":\"https:\/\/solroof2.yoho.pl\/#website\"},\"datePublished\":\"2023-03-22T09:41:32+00:00\",\"dateModified\":\"2023-07-20T06:51:08+00:00\",\"breadcrumb\":{\"@id\":\"https:\/\/solroof2.yoho.pl\/#breadcrumb\"},\"inLanguage\":\"sk-SK\",\"potentialAction\":[{\"@type\":\"ReadAction\",\"target\":[\"https:\/\/solroof2.yoho.pl\/\"]}]},{\"@type\":\"BreadcrumbList\",\"@id\":\"https:\/\/solroof2.yoho.pl\/#breadcrumb\",\"itemListElement\":[{\"@type\":\"ListItem\",\"position\":1,\"name\":\"Home\",\"item\":\"https:\/\/solroof2.yoho.pl\/\"},{\"@type\":\"ListItem\",\"position\":2,\"name\":\"Strona g\u0142\u00f3wna\"}]},{\"@type\":\"WebSite\",\"@id\":\"https:\/\/solroof2.yoho.pl\/#website\",\"url\":\"https:\/\/solroof2.yoho.pl\/\",\"name\":\"SOLROOF\",\"description\":\"Zintegrowany dach fotowoltaiczny\",\"potentialAction\":[{\"@type\":\"SearchAction\",\"target\":{\"@type\":\"EntryPoint\",\"urlTemplate\":\"https:\/\/solroof2.yoho.pl\/?s={search_term_string}\"},\"query-input\":{\"@type\":\"PropertyValueSpecification\",\"valueRequired\":true,\"valueName\":\"search_term_string\"}}],\"inLanguage\":\"sk-SK\"}]}<\/script>\n<!-- \/ Yoast SEO plugin. -->","yoast_head_json":{"title":"Strona g\u0142\u00f3wna - SOLROOF","robots":{"index":"noindex","follow":"follow","max-snippet":"max-snippet:-1","max-image-preview":"max-image-preview:large","max-video-preview":"max-video-preview:-1"},"og_locale":"sk_SK","og_type":"article","og_title":"Strona g\u0142\u00f3wna - SOLROOF","og_description":"SOLROOF ZINTEGROWANY DACH FOTOWOLTAICZNY Innowacyjny system, kt\u00f3ry powsta\u0142 w odpowiedzi na rosn\u0105ce zapotrzebowanie na czyst\u0105 energi\u0119. To kompletny system fotowoltaiczny w pe\u0142ni zintegrowany z blaszanym pokryciem dachowym. JESTE\u015a ZAINTERESOWANY\/A BEZP\u0141ATN\u0104 WYCEN\u0104 SYSTEMU SOLROOF?","og_url":"https:\/\/solroof2.yoho.pl\/","og_site_name":"SOLROOF","article_modified_time":"2023-07-20T06:51:08+00:00","twitter_card":"summary_large_image","schema":{"@context":"https:\/\/schema.org","@graph":[{"@type":"WebPage","@id":"https:\/\/solroof2.yoho.pl\/","url":"https:\/\/solroof2.yoho.pl\/","name":"Strona g\u0142\u00f3wna - SOLROOF","isPartOf":{"@id":"https:\/\/solroof2.yoho.pl\/#website"},"datePublished":"2023-03-22T09:41:32+00:00","dateModified":"2023-07-20T06:51:08+00:00","breadcrumb":{"@id":"https:\/\/solroof2.yoho.pl\/#breadcrumb"},"inLanguage":"sk-SK","potentialAction":[{"@type":"ReadAction","target":["https:\/\/solroof2.yoho.pl\/"]}]},{"@type":"BreadcrumbList","@id":"https:\/\/solroof2.yoho.pl\/#breadcrumb","itemListElement":[{"@type":"ListItem","position":1,"name":"Home","item":"https:\/\/solroof2.yoho.pl\/"},{"@type":"ListItem","position":2,"name":"Strona g\u0142\u00f3wna"}]},{"@type":"WebSite","@id":"https:\/\/solroof2.yoho.pl\/#website","url":"https:\/\/solroof2.yoho.pl\/","name":"SOLROOF","description":"Zintegrowany dach fotowoltaiczny","potentialAction":[{"@type":"SearchAction","target":{"@type":"EntryPoint","urlTemplate":"https:\/\/solroof2.yoho.pl\/?s={search_term_string}"},"query-input":{"@type":"PropertyValueSpecification","valueRequired":true,"valueName":"search_term_string"}}],"inLanguage":"sk-SK"}]}},"_links":{"self":[{"href":"https:\/\/solroof2.yoho.pl\/sk\/wp-json\/wp\/v2\/pages\/4509","targetHints":{"allow":["GET"]}}],"collection":[{"href":"https:\/\/solroof2.yoho.pl\/sk\/wp-json\/wp\/v2\/pages"}],"about":[{"href":"https:\/\/solroof2.yoho.pl\/sk\/wp-json\/wp\/v2\/types\/page"}],"author":[{"embeddable":true,"href":"https:\/\/solroof2.yoho.pl\/sk\/wp-json\/wp\/v2\/users\/2"}],"replies":[{"embeddable":true,"href":"https:\/\/solroof2.yoho.pl\/sk\/wp-json\/wp\/v2\/comments?post=4509"}],"version-history":[{"count":3,"href":"https:\/\/solroof2.yoho.pl\/sk\/wp-json\/wp\/v2\/pages\/4509\/revisions"}],"predecessor-version":[{"id":4514,"href":"https:\/\/solroof2.yoho.pl\/sk\/wp-json\/wp\/v2\/pages\/4509\/revisions\/4514"}],"wp:attachment":[{"href":"https:\/\/solroof2.yoho.pl\/sk\/wp-json\/wp\/v2\/media?parent=4509"}],"curies":[{"name":"wp","href":"https:\/\/api.w.org\/{rel}","templated":true}]}}